{"id":1108,"date":"2026-03-05T20:10:02","date_gmt":"2026-03-05T20:10:02","guid":{"rendered":"https:\/\/www.theatredelalunebleue.eu\/?page_id=1108"},"modified":"2026-03-26T10:25:04","modified_gmt":"2026-03-26T10:25:04","slug":"dans-les-murs","status":"publish","type":"page","link":"https:\/\/www.theatredelalunebleue.eu\/index.php\/dans-les-murs\/","title":{"rendered":"Dans les murs"},"content":{"rendered":"\t\t<div data-elementor-type=\"wp-page\" data-elementor-id=\"1108\" class=\"elementor elementor-1108\">\n\t\t\t\t<div class=\"elementor-element elementor-element-41f7eaa e-con-full e-flex e-con e-parent\" data-id=\"41f7eaa\" data-element_type=\"container\" data-e-type=\"container\">\n\t\t\t\t<div class=\"elementor-element elementor-element-fff5afe elementor-widget elementor-widget-heading\" data-id=\"fff5afe\" data-element_type=\"widget\" data-e-type=\"widget\" data-widget_type=\"heading.default\">\n\t\t\t\t\t<h2 class=\"elementor-heading-title elementor-size-default\">Dans les murs<\/h2>\t\t\t\t<\/div>\n\t\t\t\t<\/div>\n\t\t<div class=\"elementor-element elementor-element-d7bd7ef e-con-full e-flex e-con e-parent\" data-id=\"d7bd7ef\" data-element_type=\"container\" data-e-type=\"container\">\n\t\t<div class=\"elementor-element elementor-element-ae93886 e-con-full e-flex e-con e-child\" data-id=\"ae93886\" data-element_type=\"container\" data-e-type=\"container\">\n\t\t\t\t<div class=\"elementor-element elementor-element-5c2106b elementor-widget elementor-widget-text-editor\" data-id=\"5c2106b\" data-element_type=\"widget\" data-e-type=\"widget\" data-widget_type=\"text-editor.default\">\n\t\t\t\t\t\t\t\t\t<p>Public : \u00e0 partir de 8 ans<\/p><p>Nombre de participants : jusqu\u2019a 25 participants<\/p><p>Dur\u00e9e : en fonction du nombre d\u2019enfant, de 1 \u00e0 3 jours<\/p>\t\t\t\t\t\t\t\t<\/div>\n\t\t\t\t<\/div>\n\t\t<div class=\"elementor-element elementor-element-01d5cdd e-con-full e-flex e-con e-child\" data-id=\"01d5cdd\" data-element_type=\"container\" data-e-type=\"container\">\n\t\t\t\t<\/div>\n\t\t<div class=\"elementor-element elementor-element-4ff3172 e-con-full e-flex e-con e-child\" data-id=\"4ff3172\" data-element_type=\"container\" data-e-type=\"container\">\n\t\t\t\t<div class=\"elementor-element elementor-element-2d1ee6a elementor-widget-divider--view-line elementor-widget elementor-widget-divider\" data-id=\"2d1ee6a\" data-element_type=\"widget\" data-e-type=\"widget\" data-widget_type=\"divider.default\">\n\t\t\t\t\t\t\t<div class=\"elementor-divider\">\n\t\t\t<span class=\"elementor-divider-separator\">\n\t\t\t\t\t\t<\/span>\n\t\t<\/div>\n\t\t\t\t\t\t<\/div>\n\t\t\t\t<div class=\"elementor-element elementor-element-b20eefe elementor-widget elementor-widget-heading\" data-id=\"b20eefe\" data-element_type=\"widget\" data-e-type=\"widget\" data-widget_type=\"heading.default\">\n\t\t\t\t\t<h2 class=\"elementor-heading-title elementor-size-default\">Pr\u00e9sentation<\/h2>\t\t\t\t<\/div>\n\t\t\t\t<div class=\"elementor-element elementor-element-0d3eb90 elementor-widget elementor-widget-text-editor\" data-id=\"0d3eb90\" data-element_type=\"widget\" data-e-type=\"widget\" data-widget_type=\"text-editor.default\">\n\t\t\t\t\t\t\t\t\t<p>\u00a0\u00bb Je suis contente ! vous savez, quand j&rsquo;arriverai dans le hall du coll\u00e8ge le matin \u00e0 6h00 pour faire le m\u00e9nage, maintenant qu&rsquo;elles sont l\u00e0 je me sentirai moins seule \u00ab\u00a0.<\/p><p>Ce t\u00e9moignage rapport\u00e9 d&rsquo;une dame de m\u00e9nage du coll\u00e8ge Jean Zay de Sotteville-l\u00e8s Rouen o\u00f9 nous avons r\u00e9alis\u00e9 le premier projet \u00ab\u00a0dans les murs\u00a0\u00bb, rend compte de la force des silhouettes, de leur pr\u00e9sence, leur pouvoir narratif.<\/p><p>\u00ab\u00a0Dans les murs\u00a0\u00bb propose un atelier de peinture de silhouette, afin de partager dans un lieu de vie, d&rsquo;activit\u00e9, l&rsquo;identit\u00e9 de ces usagers, de la vie qui s&rsquo;y d\u00e9roule en r\u00e9alisant des fresques de silhouette grandeur nature.<\/p>\t\t\t\t\t\t\t\t<\/div>\n\t\t\t\t<div class=\"elementor-element elementor-element-e41fe73 elementor-align-center elementor-widget elementor-widget-button\" data-id=\"e41fe73\" data-element_type=\"widget\" data-e-type=\"widget\" data-widget_type=\"button.default\">\n\t\t\t\t\t\t\t\t\t\t<a class=\"elementor-button elementor-button-link elementor-size-sm\" href=\"http:\/\/www.theatredelalunebleue.eu\/wp-content\/uploads\/2026\/03\/Presentation-Atelier-Dans-les-Murs-2025.pdf\">\n\t\t\t\t\t\t<span class=\"elementor-button-content-wrapper\">\n\t\t\t\t\t\t\t\t\t<span class=\"elementor-button-text\">T\u00e9l\u00e9charger le dossier de pr\u00e9sentation<\/span>\n\t\t\t\t\t<\/span>\n\t\t\t\t\t<\/a>\n\t\t\t\t\t\t\t\t<\/div>\n\t\t\t\t<\/div>\n\t\t<div class=\"elementor-element elementor-element-4b75180 e-con-full e-flex e-con e-child\" data-id=\"4b75180\" data-element_type=\"container\" data-e-type=\"container\">\n\t\t\t\t<div class=\"elementor-element elementor-element-bdca670 elementor-widget elementor-widget-image\" data-id=\"bdca670\" data-element_type=\"widget\" data-e-type=\"widget\" data-widget_type=\"image.default\">\n\t\t\t\t\t\t\t\t\t\t\t\t\t\t\t<img fetchpriority=\"high\" decoding=\"async\" width=\"2560\" height=\"1707\" src=\"https:\/\/www.theatredelalunebleue.eu\/wp-content\/uploads\/2026\/03\/Dans-les-murs4-2-scaled.jpg\" class=\"attachment-full size-full wp-image-1810\" alt=\"\" srcset=\"https:\/\/www.theatredelalunebleue.eu\/wp-content\/uploads\/2026\/03\/Dans-les-murs4-2-scaled.jpg 2560w, https:\/\/www.theatredelalunebleue.eu\/wp-content\/uploads\/2026\/03\/Dans-les-murs4-2-300x200.jpg 300w, https:\/\/www.theatredelalunebleue.eu\/wp-content\/uploads\/2026\/03\/Dans-les-murs4-2-1024x683.jpg 1024w, https:\/\/www.theatredelalunebleue.eu\/wp-content\/uploads\/2026\/03\/Dans-les-murs4-2-768x512.jpg 768w, https:\/\/www.theatredelalunebleue.eu\/wp-content\/uploads\/2026\/03\/Dans-les-murs4-2-1536x1024.jpg 1536w, https:\/\/www.theatredelalunebleue.eu\/wp-content\/uploads\/2026\/03\/Dans-les-murs4-2-2048x1365.jpg 2048w\" sizes=\"(max-width: 2560px) 100vw, 2560px\" \/>\t\t\t\t\t\t\t\t\t\t\t\t\t\t\t<\/div>\n\t\t\t\t<\/div>\n\t\t\t\t<\/div>\n\t\t<div class=\"elementor-element elementor-element-1716fdb e-con-full e-flex e-con e-parent\" data-id=\"1716fdb\" data-element_type=\"container\" data-e-type=\"container\">\n\t\t\t\t<div class=\"elementor-element elementor-element-b4c7f54 elementor-arrows-position-inside elementor-pagination-position-outside elementor-widget elementor-widget-image-carousel\" data-id=\"b4c7f54\" data-element_type=\"widget\" data-e-type=\"widget\" data-settings=\"{&quot;navigation&quot;:&quot;both&quot;,&quot;autoplay&quot;:&quot;yes&quot;,&quot;pause_on_hover&quot;:&quot;yes&quot;,&quot;pause_on_interaction&quot;:&quot;yes&quot;,&quot;autoplay_speed&quot;:5000,&quot;infinite&quot;:&quot;yes&quot;,&quot;speed&quot;:500}\" data-widget_type=\"image-carousel.default\">\n\t\t\t\t\t\t\t<div class=\"elementor-image-carousel-wrapper swiper\" role=\"region\" aria-roledescription=\"carousel\" aria-label=\"Carrousel d\u2019images\" dir=\"ltr\">\n\t\t\t<div class=\"elementor-image-carousel swiper-wrapper\" aria-live=\"off\">\n\t\t\t\t\t\t\t\t<div class=\"swiper-slide\" role=\"group\" aria-roledescription=\"slide\" aria-label=\"1 sur 7\"><figure class=\"swiper-slide-inner\"><img decoding=\"async\" class=\"swiper-slide-image\" src=\"https:\/\/www.theatredelalunebleue.eu\/wp-content\/uploads\/2026\/03\/Dans-les-murs7-1-300x225.jpg\" alt=\"Dans les murs7\" \/><\/figure><\/div><div class=\"swiper-slide\" role=\"group\" aria-roledescription=\"slide\" aria-label=\"2 sur 7\"><figure class=\"swiper-slide-inner\"><img decoding=\"async\" class=\"swiper-slide-image\" src=\"https:\/\/www.theatredelalunebleue.eu\/wp-content\/uploads\/2026\/03\/Dans-les-murs6-1-225x300.jpg\" alt=\"Dans les murs6\" \/><\/figure><\/div><div class=\"swiper-slide\" role=\"group\" aria-roledescription=\"slide\" aria-label=\"3 sur 7\"><figure class=\"swiper-slide-inner\"><img decoding=\"async\" class=\"swiper-slide-image\" src=\"https:\/\/www.theatredelalunebleue.eu\/wp-content\/uploads\/2026\/03\/Dans-les-murs5-1-225x300.jpeg\" alt=\"Dans les murs5\" \/><\/figure><\/div><div class=\"swiper-slide\" role=\"group\" aria-roledescription=\"slide\" aria-label=\"4 sur 7\"><figure class=\"swiper-slide-inner\"><img decoding=\"async\" class=\"swiper-slide-image\" src=\"https:\/\/www.theatredelalunebleue.eu\/wp-content\/uploads\/2026\/03\/Dans-les-murs4-1-300x200.jpg\" alt=\"Dans les murs4\" \/><\/figure><\/div><div class=\"swiper-slide\" role=\"group\" aria-roledescription=\"slide\" aria-label=\"5 sur 7\"><figure class=\"swiper-slide-inner\"><img decoding=\"async\" class=\"swiper-slide-image\" src=\"https:\/\/www.theatredelalunebleue.eu\/wp-content\/uploads\/2026\/03\/Dans-les-murs3-1-300x225.jpeg\" alt=\"Dans les murs3\" \/><\/figure><\/div><div class=\"swiper-slide\" role=\"group\" aria-roledescription=\"slide\" aria-label=\"6 sur 7\"><figure class=\"swiper-slide-inner\"><img decoding=\"async\" class=\"swiper-slide-image\" src=\"https:\/\/www.theatredelalunebleue.eu\/wp-content\/uploads\/2026\/03\/Dans-les-murs2-1-300x225.jpg\" alt=\"Dans les murs2\" \/><\/figure><\/div><div class=\"swiper-slide\" role=\"group\" aria-roledescription=\"slide\" aria-label=\"7 sur 7\"><figure class=\"swiper-slide-inner\"><img decoding=\"async\" class=\"swiper-slide-image\" src=\"https:\/\/www.theatredelalunebleue.eu\/wp-content\/uploads\/2026\/03\/Dans-les-murs1-1-225x300.jpg\" alt=\"Dans les murs1\" \/><\/figure><\/div>\t\t\t<\/div>\n\t\t\t\t\t\t\t\t\t\t\t\t<div class=\"elementor-swiper-button elementor-swiper-button-prev\" role=\"button\" tabindex=\"0\">\n\t\t\t\t\t\t<svg aria-hidden=\"true\" class=\"e-font-icon-svg e-eicon-chevron-left\" viewBox=\"0 0 1000 1000\" xmlns=\"http:\/\/www.w3.org\/2000\/svg\"><path d=\"M646 125C629 125 613 133 604 142L308 442C296 454 292 471 292 487 292 504 296 521 308 533L604 854C617 867 629 875 646 875 663 875 679 871 692 858 704 846 713 829 713 812 713 796 708 779 692 767L438 487 692 225C700 217 708 204 708 187 708 171 704 154 692 142 675 129 663 125 646 125Z\"><\/path><\/svg>\t\t\t\t\t<\/div>\n\t\t\t\t\t<div class=\"elementor-swiper-button elementor-swiper-button-next\" role=\"button\" tabindex=\"0\">\n\t\t\t\t\t\t<svg aria-hidden=\"true\" class=\"e-font-icon-svg e-eicon-chevron-right\" viewBox=\"0 0 1000 1000\" xmlns=\"http:\/\/www.w3.org\/2000\/svg\"><path d=\"M696 533C708 521 713 504 713 487 713 471 708 454 696 446L400 146C388 133 375 125 354 125 338 125 325 129 313 142 300 154 292 171 292 187 292 204 296 221 308 233L563 492 304 771C292 783 288 800 288 817 288 833 296 850 308 863 321 871 338 875 354 875 371 875 388 867 400 854L696 533Z\"><\/path><\/svg>\t\t\t\t\t<\/div>\n\t\t\t\t\n\t\t\t\t\t\t\t\t\t<div class=\"swiper-pagination\"><\/div>\n\t\t\t\t\t\t\t\t\t<\/div>\n\t\t\t\t\t\t<\/div>\n\t\t\t\t<\/div>\n\t\t<div class=\"elementor-element elementor-element-8a31765 e-flex e-con-boxed e-con e-parent\" data-id=\"8a31765\" data-element_type=\"container\" data-e-type=\"container\">\n\t\t\t\t\t<div class=\"e-con-inner\">\n\t\t\t\t\t<\/div>\n\t\t\t\t<\/div>\n\t\t\t\t<\/div>\n\t\t\n    <div class=\"xs_social_share_widget xs_share_url after_content \t\tmain_content  wslu-style-1 wslu-share-box-shaped wslu-fill-colored wslu-none wslu-share-horizontal wslu-theme-font-no wslu-main_content\">\n\n\t\t\n        <ul>\n\t\t\t        <\/ul>\n    <\/div> \n","protected":false},"excerpt":{"rendered":"<p>Dans les murs Public : \u00e0 partir de 8 ans Nombre de participants : jusqu\u2019a 25 participants Dur\u00e9e : en fonction du nombre d\u2019enfant, de 1 \u00e0 3 jours Pr\u00e9sentation \u00a0\u00bb Je suis contente ! vous savez, quand j&rsquo;arriverai dans le hall du coll\u00e8ge le matin \u00e0 6h00 pour faire le m\u00e9nage, maintenant qu&rsquo;elles sont [&hellip;]<\/p>\n","protected":false},"author":1,"featured_media":0,"parent":0,"menu_order":0,"comment_status":"closed","ping_status":"closed","template":"","meta":{"footnotes":""},"class_list":["post-1108","page","type-page","status-publish","hentry"],"_links":{"self":[{"href":"https:\/\/www.theatredelalunebleue.eu\/index.php\/wp-json\/wp\/v2\/pages\/1108","targetHints":{"allow":["GET"]}}],"collection":[{"href":"https:\/\/www.theatredelalunebleue.eu\/index.php\/wp-json\/wp\/v2\/pages"}],"about":[{"href":"https:\/\/www.theatredelalunebleue.eu\/index.php\/wp-json\/wp\/v2\/types\/page"}],"author":[{"embeddable":true,"href":"https:\/\/www.theatredelalunebleue.eu\/index.php\/wp-json\/wp\/v2\/users\/1"}],"replies":[{"embeddable":true,"href":"https:\/\/www.theatredelalunebleue.eu\/index.php\/wp-json\/wp\/v2\/comments?post=1108"}],"version-history":[{"count":86,"href":"https:\/\/www.theatredelalunebleue.eu\/index.php\/wp-json\/wp\/v2\/pages\/1108\/revisions"}],"predecessor-version":[{"id":1872,"href":"https:\/\/www.theatredelalunebleue.eu\/index.php\/wp-json\/wp\/v2\/pages\/1108\/revisions\/1872"}],"wp:attachment":[{"href":"https:\/\/www.theatredelalunebleue.eu\/index.php\/wp-json\/wp\/v2\/media?parent=1108"}],"curies":[{"name":"wp","href":"https:\/\/api.w.org\/{rel}","templated":true}]}}