{"id":1107,"date":"2026-03-16T08:18:45","date_gmt":"2026-03-16T08:18:45","guid":{"rendered":"https:\/\/www.theatredelalunebleue.eu\/?page_id=1107"},"modified":"2026-03-26T10:50:11","modified_gmt":"2026-03-26T10:50:11","slug":"spectacles-2","status":"publish","type":"page","link":"https:\/\/www.theatredelalunebleue.eu\/index.php\/spectacles-2\/","title":{"rendered":"Le petit Georges"},"content":{"rendered":"\t\t<div data-elementor-type=\"wp-page\" data-elementor-id=\"1107\" class=\"elementor elementor-1107\">\n\t\t\t\t<div class=\"elementor-element elementor-element-e7788b4 e-con-full e-flex e-con e-parent\" data-id=\"e7788b4\" data-element_type=\"container\" data-e-type=\"container\">\n\t\t\t\t<div class=\"elementor-element elementor-element-24d4a95 elementor-widget elementor-widget-heading\" data-id=\"24d4a95\" data-element_type=\"widget\" data-e-type=\"widget\" data-widget_type=\"heading.default\">\n\t\t\t\t\t<h2 class=\"elementor-heading-title elementor-size-default\">Le petit Georges<\/h2>\t\t\t\t<\/div>\n\t\t\t\t<\/div>\n\t\t<div class=\"elementor-element elementor-element-e4acf9a e-con-full e-flex e-con e-parent\" data-id=\"e4acf9a\" data-element_type=\"container\" data-e-type=\"container\">\n\t\t<div class=\"elementor-element elementor-element-37e5bbe e-con-full e-flex e-con e-child\" data-id=\"37e5bbe\" data-element_type=\"container\" data-e-type=\"container\">\n\t\t\t\t<div class=\"elementor-element elementor-element-d413ea6 elementor-widget elementor-widget-text-editor\" data-id=\"d413ea6\" data-element_type=\"widget\" data-e-type=\"widget\" data-widget_type=\"text-editor.default\">\n\t\t\t\t\t\t\t\t\t<p>\u00c9quipe artistique : BOULE, Richard Destandau, Mathias Anne<\/p><p>R\u00e9gie technique : Mathias Anne<\/p><p>Administration, r\u00e9gie de tourn\u00e9e, communication : Cyrille Cholbi<\/p><p>Regard ext\u00e9rieur : Nicolas Ducron<\/p><p>Cr\u00e9ation lumi\u00e8res : Anne Gayan<\/p><p>Illustration sonore : BOULE et Maxime Lennoz<\/p><p>Voix : Richard Destandau, V\u00e9ronique Amans, Armelle Elkaim, Laurent Niollet<\/p><p>Conception \u00e9cran : Patrice Anne (l\u2019atelier Bleuacier)<\/p><p>Conception sc\u00e8ne en bois : Antoine Bonneau et Lo\u00efc Palluault<\/p><p>Design graphique : Anne Treutenaere<\/p><p>Webmaster : Boule<\/p>\t\t\t\t\t\t\t\t<\/div>\n\t\t\t\t<\/div>\n\t\t<div class=\"elementor-element elementor-element-00f2be7 e-con-full e-flex e-con e-child\" data-id=\"00f2be7\" data-element_type=\"container\" data-e-type=\"container\">\n\t\t\t\t<div class=\"elementor-element elementor-element-0b98b66 elementor-widget elementor-widget-text-editor\" data-id=\"0b98b66\" data-element_type=\"widget\" data-e-type=\"widget\" data-widget_type=\"text-editor.default\">\n\t\t\t\t\t\t\t\t\t<p>Ann\u00e9e de cr\u00e9ation : 2021<\/p><p>Productions : Cholbiz<\/p><p>Coproductions et Soutiens : Le Trianon transatlantique ; Th\u00e9\u00e2tre Antoine Vitez ; Ville de Louvier ; Compagnie Daru Th\u00e9mp\u00f4 ; les nuits du chat ; Cdc Rochefort oc\u00e9an ; commune de La Gripperie-Saint-Symphorien ; d\u00e9partements de Seine-maritime et Charente-maritime ; SACEM ; ADAMI<\/p>\t\t\t\t\t\t\t\t<\/div>\n\t\t\t\t<\/div>\n\t\t<div class=\"elementor-element elementor-element-d76d97f e-con-full e-flex e-con e-child\" data-id=\"d76d97f\" data-element_type=\"container\" data-e-type=\"container\">\n\t\t\t\t<div class=\"elementor-element elementor-element-464a7a6 elementor-widget-divider--view-line elementor-widget elementor-widget-divider\" data-id=\"464a7a6\" data-element_type=\"widget\" data-e-type=\"widget\" data-widget_type=\"divider.default\">\n\t\t\t\t\t\t\t<div class=\"elementor-divider\">\n\t\t\t<span class=\"elementor-divider-separator\">\n\t\t\t\t\t\t<\/span>\n\t\t<\/div>\n\t\t\t\t\t\t<\/div>\n\t\t\t\t<div class=\"elementor-element elementor-element-08df5e3 elementor-widget elementor-widget-heading\" data-id=\"08df5e3\" data-element_type=\"widget\" data-e-type=\"widget\" data-widget_type=\"heading.default\">\n\t\t\t\t\t<h2 class=\"elementor-heading-title elementor-size-default\">L'histoire<\/h2>\t\t\t\t<\/div>\n\t\t\t\t<div class=\"elementor-element elementor-element-fcabeda elementor-widget elementor-widget-text-editor\" data-id=\"fcabeda\" data-element_type=\"widget\" data-e-type=\"widget\" data-widget_type=\"text-editor.default\">\n\t\t\t\t\t\t\t\t\t<p>Apr\u00e8s les p\u00e9rip\u00e9ties de la grand-m\u00e8re du petit Chaperon Rouge, nous sommes surpris de C\u2019est l\u2019histoire du petit Georges, n\u00e9 le 22 octobre 1921 \u00e0 Cette (qui deviendra S\u00e8te en 1928), de son enfance m\u00e9diterran\u00e9enne \u00e0 sa rencontre en 1952 avec Jacques Canetti qui lui fera enregistrer son premier disque et rencontrer le succ\u00e8s. On d\u00e9couvre la jeunesse de Georges Brassens dans une maison o\u00f9 la chanson est omnipr\u00e9sente, puis samont\u00e9e \u00e0 Paris, le service du travail obligatoire en Alle-magne pendant la guerre et la d\u00e9sertion, et enfin la \u00ab planque \u00bb \u00e0 Paris et les ann\u00e9es de d\u00e8che.<\/p>\t\t\t\t\t\t\t\t<\/div>\n\t\t\t\t<\/div>\n\t\t<div class=\"elementor-element elementor-element-1cf294d e-con-full e-flex e-con e-child\" data-id=\"1cf294d\" data-element_type=\"container\" data-e-type=\"container\">\n\t\t\t\t<div class=\"elementor-element elementor-element-3ad53b6 elementor-widget elementor-widget-image\" data-id=\"3ad53b6\" data-element_type=\"widget\" data-e-type=\"widget\" data-widget_type=\"image.default\">\n\t\t\t\t\t\t\t\t\t\t\t\t\t\t\t<img fetchpriority=\"high\" decoding=\"async\" width=\"902\" height=\"1278\" src=\"https:\/\/www.theatredelalunebleue.eu\/wp-content\/uploads\/2026\/03\/Capture-decran-2026-03-16-a-22.59.56.png\" class=\"attachment-full size-full wp-image-1633\" alt=\"\" srcset=\"https:\/\/www.theatredelalunebleue.eu\/wp-content\/uploads\/2026\/03\/Capture-decran-2026-03-16-a-22.59.56.png 902w, https:\/\/www.theatredelalunebleue.eu\/wp-content\/uploads\/2026\/03\/Capture-decran-2026-03-16-a-22.59.56-212x300.png 212w, https:\/\/www.theatredelalunebleue.eu\/wp-content\/uploads\/2026\/03\/Capture-decran-2026-03-16-a-22.59.56-723x1024.png 723w, https:\/\/www.theatredelalunebleue.eu\/wp-content\/uploads\/2026\/03\/Capture-decran-2026-03-16-a-22.59.56-768x1088.png 768w\" sizes=\"(max-width: 902px) 100vw, 902px\" \/>\t\t\t\t\t\t\t\t\t\t\t\t\t\t\t<\/div>\n\t\t\t\t<\/div>\n\t\t\t\t<\/div>\n\t\t\t\t<\/div>\n\t\t\n    <div class=\"xs_social_share_widget xs_share_url after_content \t\tmain_content  wslu-style-1 wslu-share-box-shaped wslu-fill-colored wslu-none wslu-share-horizontal wslu-theme-font-no wslu-main_content\">\n\n\t\t\n        <ul>\n\t\t\t        <\/ul>\n    <\/div> \n","protected":false},"excerpt":{"rendered":"<p>Le petit Georges \u00c9quipe artistique : BOULE, Richard Destandau, Mathias Anne R\u00e9gie technique : Mathias Anne Administration, r\u00e9gie de tourn\u00e9e, communication : Cyrille Cholbi Regard ext\u00e9rieur : Nicolas Ducron Cr\u00e9ation lumi\u00e8res : Anne Gayan Illustration sonore : BOULE et Maxime Lennoz Voix : Richard Destandau, V\u00e9ronique Amans, Armelle Elkaim, Laurent Niollet Conception \u00e9cran : Patrice [&hellip;]<\/p>\n","protected":false},"author":1,"featured_media":0,"parent":0,"menu_order":0,"comment_status":"closed","ping_status":"closed","template":"","meta":{"footnotes":""},"class_list":["post-1107","page","type-page","status-publish","hentry"],"_links":{"self":[{"href":"https:\/\/www.theatredelalunebleue.eu\/index.php\/wp-json\/wp\/v2\/pages\/1107","targetHints":{"allow":["GET"]}}],"collection":[{"href":"https:\/\/www.theatredelalunebleue.eu\/index.php\/wp-json\/wp\/v2\/pages"}],"about":[{"href":"https:\/\/www.theatredelalunebleue.eu\/index.php\/wp-json\/wp\/v2\/types\/page"}],"author":[{"embeddable":true,"href":"https:\/\/www.theatredelalunebleue.eu\/index.php\/wp-json\/wp\/v2\/users\/1"}],"replies":[{"embeddable":true,"href":"https:\/\/www.theatredelalunebleue.eu\/index.php\/wp-json\/wp\/v2\/comments?post=1107"}],"version-history":[{"count":71,"href":"https:\/\/www.theatredelalunebleue.eu\/index.php\/wp-json\/wp\/v2\/pages\/1107\/revisions"}],"predecessor-version":[{"id":1894,"href":"https:\/\/www.theatredelalunebleue.eu\/index.php\/wp-json\/wp\/v2\/pages\/1107\/revisions\/1894"}],"wp:attachment":[{"href":"https:\/\/www.theatredelalunebleue.eu\/index.php\/wp-json\/wp\/v2\/media?parent=1107"}],"curies":[{"name":"wp","href":"https:\/\/api.w.org\/{rel}","templated":true}]}}