{"id":1106,"date":"2026-03-16T08:44:17","date_gmt":"2026-03-16T08:44:17","guid":{"rendered":"https:\/\/www.theatredelalunebleue.eu\/?page_id=1106"},"modified":"2026-03-26T14:58:48","modified_gmt":"2026-03-26T14:58:48","slug":"toc-toc","status":"publish","type":"page","link":"https:\/\/www.theatredelalunebleue.eu\/index.php\/toc-toc\/","title":{"rendered":"Toc toc !"},"content":{"rendered":"\t\t<div data-elementor-type=\"wp-page\" data-elementor-id=\"1106\" class=\"elementor elementor-1106\">\n\t\t\t\t<div class=\"elementor-element elementor-element-aa5fadd e-con-full e-flex e-con e-parent\" data-id=\"aa5fadd\" data-element_type=\"container\" data-e-type=\"container\">\n\t\t\t\t<div class=\"elementor-element elementor-element-d2d9706 elementor-widget elementor-widget-heading\" data-id=\"d2d9706\" data-element_type=\"widget\" data-e-type=\"widget\" data-widget_type=\"heading.default\">\n\t\t\t\t\t<h2 class=\"elementor-heading-title elementor-size-default\">Toc toc ! Qui frappe \u00e0 ma porte ?<\/h2>\t\t\t\t<\/div>\n\t\t\t\t<\/div>\n\t\t<div class=\"elementor-element elementor-element-606030c e-con-full e-flex e-con e-parent\" data-id=\"606030c\" data-element_type=\"container\" data-e-type=\"container\">\n\t\t<div class=\"elementor-element elementor-element-ce76433 e-con-full e-flex e-con e-child\" data-id=\"ce76433\" data-element_type=\"container\" data-e-type=\"container\">\n\t\t\t\t<div class=\"elementor-element elementor-element-8bd8079 elementor-widget elementor-widget-text-editor\" data-id=\"8bd8079\" data-element_type=\"widget\" data-e-type=\"widget\" data-widget_type=\"text-editor.default\">\n\t\t\t\t\t\t\t\t\t<p>Th\u00e9\u00e2tre d\u2019ombres<\/p><p>Tout public \u00e0 partir de 5 ans<\/p><p>Dur\u00e9e 45 min<\/p><p>Ecriture, mise sc\u00e8ne, manipulation et jeu, sc\u00e9nographie : Richard Destandau, Sophie Bertrand<\/p><p>Regard ext\u00e9rieur : Sophie Bertrand, Christian Chabaud, Philippe Angrand<\/p><p>Musiques et ambiances sonores : Claire Mazard<\/p><p>Ann\u00e9e de cr\u00e9ation : 2017<\/p><p>Soutiens : Compagnie Daru Th\u00e9mp\u00f4, Compagnie Les Phosph\u00e8nes-Jean-pierre Lescot-Halle Roublot<\/p>\t\t\t\t\t\t\t\t<\/div>\n\t\t\t\t<div class=\"elementor-element elementor-element-5b19894 elementor-widget-divider--view-line elementor-widget elementor-widget-divider\" data-id=\"5b19894\" data-element_type=\"widget\" data-e-type=\"widget\" data-widget_type=\"divider.default\">\n\t\t\t\t\t\t\t<div class=\"elementor-divider\">\n\t\t\t<span class=\"elementor-divider-separator\">\n\t\t\t\t\t\t<\/span>\n\t\t<\/div>\n\t\t\t\t\t\t<\/div>\n\t\t\t\t<div class=\"elementor-element elementor-element-f7eb89f elementor-widget elementor-widget-heading\" data-id=\"f7eb89f\" data-element_type=\"widget\" data-e-type=\"widget\" data-widget_type=\"heading.default\">\n\t\t\t\t\t<h2 class=\"elementor-heading-title elementor-size-default\">L'histoire<\/h2>\t\t\t\t<\/div>\n\t\t\t\t<div class=\"elementor-element elementor-element-de6f446 elementor-widget elementor-widget-text-editor\" data-id=\"de6f446\" data-element_type=\"widget\" data-e-type=\"widget\" data-widget_type=\"text-editor.default\">\n\t\t\t\t\t\t\t\t\t<p>Apr\u00e8s les p\u00e9rip\u00e9ties de la grand-m\u00e8re du petit Chaperon Rouge, nous sommes surpris de d\u00e9couvrir, \u00e0 la lecture de faits divers, que d\u2019autres grands-m\u00e8res, vivant seules dans les bois ont \u00e9galement \u00e9t\u00e9 dup\u00e9es par des malfrats peu scrupuleux.<\/p><p>Mais les grands-m\u00e8res ne sont pas toujours fragiles et les malfrats ne sont pas tous vainqueurs.<\/p><p>Des Vosges en passant par les Pyr\u00e9n\u00e9es, de la Corse \u00e0 la Bretagne, voici les histoires \u00e9tonnantes de cr\u00e9atures \u00e9tranges et de grands-m\u00e8res imprudentes.<\/p>\t\t\t\t\t\t\t\t<\/div>\n\t\t\t\t<\/div>\n\t\t<div class=\"elementor-element elementor-element-e93dfa1 e-con-full e-flex e-con e-child\" data-id=\"e93dfa1\" data-element_type=\"container\" data-e-type=\"container\">\n\t\t\t\t<div class=\"elementor-element elementor-element-e869c89 elementor-widget elementor-widget-image\" data-id=\"e869c89\" data-element_type=\"widget\" data-e-type=\"widget\" data-widget_type=\"image.default\">\n\t\t\t\t\t\t\t\t\t\t\t\t\t\t\t<img fetchpriority=\"high\" decoding=\"async\" width=\"935\" height=\"1320\" src=\"https:\/\/www.theatredelalunebleue.eu\/wp-content\/uploads\/2026\/03\/Capture-decran-2024-03-06-a-21.40.23.jpeg\" class=\"attachment-full size-full wp-image-1600\" alt=\"\" srcset=\"https:\/\/www.theatredelalunebleue.eu\/wp-content\/uploads\/2026\/03\/Capture-decran-2024-03-06-a-21.40.23.jpeg 935w, https:\/\/www.theatredelalunebleue.eu\/wp-content\/uploads\/2026\/03\/Capture-decran-2024-03-06-a-21.40.23-213x300.jpeg 213w, https:\/\/www.theatredelalunebleue.eu\/wp-content\/uploads\/2026\/03\/Capture-decran-2024-03-06-a-21.40.23-725x1024.jpeg 725w, https:\/\/www.theatredelalunebleue.eu\/wp-content\/uploads\/2026\/03\/Capture-decran-2024-03-06-a-21.40.23-768x1084.jpeg 768w\" sizes=\"(max-width: 935px) 100vw, 935px\" \/>\t\t\t\t\t\t\t\t\t\t\t\t\t\t\t<\/div>\n\t\t\t\t<\/div>\n\t\t\t\t<\/div>\n\t\t\t\t<\/div>\n\t\t\n    <div class=\"xs_social_share_widget xs_share_url after_content \t\tmain_content  wslu-style-1 wslu-share-box-shaped wslu-fill-colored wslu-none wslu-share-horizontal wslu-theme-font-no wslu-main_content\">\n\n\t\t\n        <ul>\n\t\t\t        <\/ul>\n    <\/div> \n","protected":false},"excerpt":{"rendered":"<p>Toc toc ! Qui frappe \u00e0 ma porte ? Th\u00e9\u00e2tre d\u2019ombres Tout public \u00e0 partir de 5 ans Dur\u00e9e 45 min Ecriture, mise sc\u00e8ne, manipulation et jeu, sc\u00e9nographie : Richard Destandau, Sophie Bertrand Regard ext\u00e9rieur : Sophie Bertrand, Christian Chabaud, Philippe Angrand Musiques et ambiances sonores : Claire Mazard Ann\u00e9e de cr\u00e9ation : 2017 Soutiens [&hellip;]<\/p>\n","protected":false},"author":1,"featured_media":0,"parent":0,"menu_order":0,"comment_status":"closed","ping_status":"closed","template":"","meta":{"footnotes":""},"class_list":["post-1106","page","type-page","status-publish","hentry"],"_links":{"self":[{"href":"https:\/\/www.theatredelalunebleue.eu\/index.php\/wp-json\/wp\/v2\/pages\/1106","targetHints":{"allow":["GET"]}}],"collection":[{"href":"https:\/\/www.theatredelalunebleue.eu\/index.php\/wp-json\/wp\/v2\/pages"}],"about":[{"href":"https:\/\/www.theatredelalunebleue.eu\/index.php\/wp-json\/wp\/v2\/types\/page"}],"author":[{"embeddable":true,"href":"https:\/\/www.theatredelalunebleue.eu\/index.php\/wp-json\/wp\/v2\/users\/1"}],"replies":[{"embeddable":true,"href":"https:\/\/www.theatredelalunebleue.eu\/index.php\/wp-json\/wp\/v2\/comments?post=1106"}],"version-history":[{"count":62,"href":"https:\/\/www.theatredelalunebleue.eu\/index.php\/wp-json\/wp\/v2\/pages\/1106\/revisions"}],"predecessor-version":[{"id":1911,"href":"https:\/\/www.theatredelalunebleue.eu\/index.php\/wp-json\/wp\/v2\/pages\/1106\/revisions\/1911"}],"wp:attachment":[{"href":"https:\/\/www.theatredelalunebleue.eu\/index.php\/wp-json\/wp\/v2\/media?parent=1106"}],"curies":[{"name":"wp","href":"https:\/\/api.w.org\/{rel}","templated":true}]}}