{"id":1096,"date":"2026-03-05T23:07:37","date_gmt":"2026-03-05T23:07:37","guid":{"rendered":"https:\/\/www.theatredelalunebleue.eu\/?page_id=1096"},"modified":"2026-03-26T10:27:40","modified_gmt":"2026-03-26T10:27:40","slug":"ombrinoscope","status":"publish","type":"page","link":"https:\/\/www.theatredelalunebleue.eu\/index.php\/ombrinoscope\/","title":{"rendered":"Ombrinoscope"},"content":{"rendered":"\t\t<div data-elementor-type=\"wp-page\" data-elementor-id=\"1096\" class=\"elementor elementor-1096\">\n\t\t\t\t<div class=\"elementor-element elementor-element-a27226c e-flex e-con-boxed e-con e-parent\" data-id=\"a27226c\" data-element_type=\"container\" data-e-type=\"container\">\n\t\t\t\t\t<div class=\"e-con-inner\">\n\t\t<div class=\"elementor-element elementor-element-a4f6539 e-con-full e-flex e-con e-child\" data-id=\"a4f6539\" data-element_type=\"container\" data-e-type=\"container\">\n\t\t\t\t<div class=\"elementor-element elementor-element-0ad083f elementor-widget elementor-widget-heading\" data-id=\"0ad083f\" data-element_type=\"widget\" data-e-type=\"widget\" data-widget_type=\"heading.default\">\n\t\t\t\t\t<h2 class=\"elementor-heading-title elementor-size-default\">Ombrinoscope<\/h2>\t\t\t\t<\/div>\n\t\t\t\t<\/div>\n\t\t\t\t\t<\/div>\n\t\t\t\t<\/div>\n\t\t<div class=\"elementor-element elementor-element-34e21c8 e-flex e-con-boxed e-con e-parent\" data-id=\"34e21c8\" data-element_type=\"container\" data-e-type=\"container\">\n\t\t\t\t\t<div class=\"e-con-inner\">\n\t\t<div class=\"elementor-element elementor-element-d5fbd5d e-con-full e-flex e-con e-child\" data-id=\"d5fbd5d\" data-element_type=\"container\" data-e-type=\"container\">\n\t\t<div class=\"elementor-element elementor-element-166fbee e-con-full e-flex e-con e-child\" data-id=\"166fbee\" data-element_type=\"container\" data-e-type=\"container\">\n\t\t\t\t<div class=\"elementor-element elementor-element-2e7d9c2 elementor-widget elementor-widget-text-editor\" data-id=\"2e7d9c2\" data-element_type=\"widget\" data-e-type=\"widget\" data-widget_type=\"text-editor.default\">\n\t\t\t\t\t\t\t\t\t<p>Public : \u00e0 partir de 8 ans<\/p><p>Nombre de participants : jusqu\u2019a 25 personnes<span class=\"Apple-converted-space\">\u00a0<\/span><\/p><p>Dur\u00e9e : 3h<\/p>\t\t\t\t\t\t\t\t<\/div>\n\t\t\t\t<\/div>\n\t\t<div class=\"elementor-element elementor-element-a36ec06 e-con-full e-flex e-con e-child\" data-id=\"a36ec06\" data-element_type=\"container\" data-e-type=\"container\">\n\t\t\t\t<\/div>\n\t\t<div class=\"elementor-element elementor-element-651df9c e-con-full e-flex e-con e-child\" data-id=\"651df9c\" data-element_type=\"container\" data-e-type=\"container\">\n\t\t\t\t<div class=\"elementor-element elementor-element-d54760c elementor-widget-divider--view-line elementor-widget elementor-widget-divider\" data-id=\"d54760c\" data-element_type=\"widget\" data-e-type=\"widget\" data-widget_type=\"divider.default\">\n\t\t\t\t\t\t\t<div class=\"elementor-divider\">\n\t\t\t<span class=\"elementor-divider-separator\">\n\t\t\t\t\t\t<\/span>\n\t\t<\/div>\n\t\t\t\t\t\t<\/div>\n\t\t\t\t<div class=\"elementor-element elementor-element-53e2bfe elementor-widget elementor-widget-heading\" data-id=\"53e2bfe\" data-element_type=\"widget\" data-e-type=\"widget\" data-widget_type=\"heading.default\">\n\t\t\t\t\t<h2 class=\"elementor-heading-title elementor-size-default\">Pr\u00e9sentation<\/h2>\t\t\t\t<\/div>\n\t\t\t\t<div class=\"elementor-element elementor-element-e362c82 elementor-widget elementor-widget-text-editor\" data-id=\"e362c82\" data-element_type=\"widget\" data-e-type=\"widget\" data-widget_type=\"text-editor.default\">\n\t\t\t\t\t\t\t\t\t<p>\u00c0 travers un regard historique de l\u2019image et de l\u2019ombre (petit diaporama anim\u00e9) nous inviterons les enfants \u00e0 d\u00e9couvrir la singularit\u00e9 de l\u2019ombre.<\/p><p>Puis nous leur proposerons de r\u00e9aliser leur propre \u00ab portrait \u00e0 la silhouette \u00bb qui sera l\u2019illustration des notions \u00e9voqu\u00e9s. Nous appuierons notamment sur les particularit\u00e9s physionomiques de chacun, permettant ainsi d\u2019aborder le fait que la personnalit\u00e9 \u00e0<\/p><p>travers le corps est d\u2019une grande subtilit\u00e9.<\/p>\t\t\t\t\t\t\t\t<\/div>\n\t\t\t\t<div class=\"elementor-element elementor-element-63ec469 elementor-align-center elementor-widget elementor-widget-button\" data-id=\"63ec469\" data-element_type=\"widget\" data-e-type=\"widget\" data-widget_type=\"button.default\">\n\t\t\t\t\t\t\t\t\t\t<a class=\"elementor-button elementor-button-link elementor-size-sm\" href=\"http:\/\/www.theatredelalunebleue.eu\/wp-content\/uploads\/2026\/03\/Presentation-Atelier-Ombrinoscope-2025.pdf\">\n\t\t\t\t\t\t<span class=\"elementor-button-content-wrapper\">\n\t\t\t\t\t\t\t\t\t<span class=\"elementor-button-text\">T\u00e9l\u00e9charger le dossier de pr\u00e9sentation<\/span>\n\t\t\t\t\t<\/span>\n\t\t\t\t\t<\/a>\n\t\t\t\t\t\t\t\t<\/div>\n\t\t\t\t<\/div>\n\t\t<div class=\"elementor-element elementor-element-65c665f e-con-full e-flex e-con e-child\" data-id=\"65c665f\" data-element_type=\"container\" data-e-type=\"container\">\n\t\t\t\t<div class=\"elementor-element elementor-element-d796b71 elementor-widget elementor-widget-image\" data-id=\"d796b71\" data-element_type=\"widget\" data-e-type=\"widget\" data-widget_type=\"image.default\">\n\t\t\t\t\t\t\t\t\t\t\t\t\t\t\t<img fetchpriority=\"high\" decoding=\"async\" width=\"2040\" height=\"1530\" src=\"https:\/\/www.theatredelalunebleue.eu\/wp-content\/uploads\/2026\/03\/Ombrinoscope5-1.png\" class=\"attachment-full size-full wp-image-1877\" alt=\"\" srcset=\"https:\/\/www.theatredelalunebleue.eu\/wp-content\/uploads\/2026\/03\/Ombrinoscope5-1.png 2040w, https:\/\/www.theatredelalunebleue.eu\/wp-content\/uploads\/2026\/03\/Ombrinoscope5-1-300x225.png 300w, https:\/\/www.theatredelalunebleue.eu\/wp-content\/uploads\/2026\/03\/Ombrinoscope5-1-1024x768.png 1024w, https:\/\/www.theatredelalunebleue.eu\/wp-content\/uploads\/2026\/03\/Ombrinoscope5-1-768x576.png 768w, https:\/\/www.theatredelalunebleue.eu\/wp-content\/uploads\/2026\/03\/Ombrinoscope5-1-1536x1152.png 1536w\" sizes=\"(max-width: 2040px) 100vw, 2040px\" \/>\t\t\t\t\t\t\t\t\t\t\t\t\t\t\t<\/div>\n\t\t\t\t<\/div>\n\t\t\t\t<\/div>\n\t\t\t\t\t<\/div>\n\t\t\t\t<\/div>\n\t\t\t\t<\/div>\n\t\t\n    <div class=\"xs_social_share_widget xs_share_url after_content \t\tmain_content  wslu-style-1 wslu-share-box-shaped wslu-fill-colored wslu-none wslu-share-horizontal wslu-theme-font-no wslu-main_content\">\n\n\t\t\n        <ul>\n\t\t\t        <\/ul>\n    <\/div> \n","protected":false},"excerpt":{"rendered":"<p>Ombrinoscope Public : \u00e0 partir de 8 ans Nombre de participants : jusqu\u2019a 25 personnes\u00a0 Dur\u00e9e : 3h Pr\u00e9sentation \u00c0 travers un regard historique de l\u2019image et de l\u2019ombre (petit diaporama anim\u00e9) nous inviterons les enfants \u00e0 d\u00e9couvrir la singularit\u00e9 de l\u2019ombre. Puis nous leur proposerons de r\u00e9aliser leur propre \u00ab portrait \u00e0 la silhouette [&hellip;]<\/p>\n","protected":false},"author":1,"featured_media":0,"parent":0,"menu_order":0,"comment_status":"closed","ping_status":"closed","template":"","meta":{"footnotes":""},"class_list":["post-1096","page","type-page","status-publish","hentry"],"_links":{"self":[{"href":"https:\/\/www.theatredelalunebleue.eu\/index.php\/wp-json\/wp\/v2\/pages\/1096","targetHints":{"allow":["GET"]}}],"collection":[{"href":"https:\/\/www.theatredelalunebleue.eu\/index.php\/wp-json\/wp\/v2\/pages"}],"about":[{"href":"https:\/\/www.theatredelalunebleue.eu\/index.php\/wp-json\/wp\/v2\/types\/page"}],"author":[{"embeddable":true,"href":"https:\/\/www.theatredelalunebleue.eu\/index.php\/wp-json\/wp\/v2\/users\/1"}],"replies":[{"embeddable":true,"href":"https:\/\/www.theatredelalunebleue.eu\/index.php\/wp-json\/wp\/v2\/comments?post=1096"}],"version-history":[{"count":20,"href":"https:\/\/www.theatredelalunebleue.eu\/index.php\/wp-json\/wp\/v2\/pages\/1096\/revisions"}],"predecessor-version":[{"id":1880,"href":"https:\/\/www.theatredelalunebleue.eu\/index.php\/wp-json\/wp\/v2\/pages\/1096\/revisions\/1880"}],"wp:attachment":[{"href":"https:\/\/www.theatredelalunebleue.eu\/index.php\/wp-json\/wp\/v2\/media?parent=1096"}],"curies":[{"name":"wp","href":"https:\/\/api.w.org\/{rel}","templated":true}]}}